{"id":5341,"date":"2023-04-07T14:48:39","date_gmt":"2023-04-07T12:48:39","guid":{"rendered":"http:\/\/ptthungary.hu\/?post_type=product&#038;p=5341"},"modified":"2025-01-13T22:59:02","modified_gmt":"2025-01-13T20:59:02","slug":"redell-ds-708w","status":"publish","type":"product","link":"http:\/\/ptthungary.hu\/index.php\/product\/redell-ds-708w\/","title":{"rendered":"Redell DS-708W"},"content":{"rendered":"<p><img decoding=\"async\" loading=\"lazy\" class=\"alignnone size-medium wp-image-5363\" src=\"http:\/\/ptthungary.hu\/wp-content\/uploads\/2023\/04\/73_ekhdJR5K7Dhi-O53Usw-300x300.jpg\" alt=\"\" width=\"300\" height=\"300\" \/> <img decoding=\"async\" loading=\"lazy\" class=\"alignnone size-medium wp-image-5362\" src=\"http:\/\/ptthungary.hu\/wp-content\/uploads\/2023\/04\/11tBqIUpSLaziNhOMhpT9g-300x300.jpg\" alt=\"\" width=\"300\" height=\"300\" \/> <img decoding=\"async\" loading=\"lazy\" class=\"alignnone size-medium wp-image-5361\" src=\"http:\/\/ptthungary.hu\/wp-content\/uploads\/2023\/04\/6jTOgAXSTKuHVjLKTRINig-300x300.jpg\" alt=\"\" width=\"300\" height=\"300\" \/> <img decoding=\"async\" loading=\"lazy\" class=\"alignnone size-medium wp-image-5360\" src=\"http:\/\/ptthungary.hu\/wp-content\/uploads\/2023\/04\/01OhNfevRiqgx9pHkMod2Q-300x300.jpg\" alt=\"\" width=\"300\" height=\"300\" \/> <img decoding=\"async\" loading=\"lazy\" class=\"alignnone size-medium wp-image-5359\" src=\"http:\/\/ptthungary.hu\/wp-content\/uploads\/2023\/04\/0xwOnFANRQWqrJ-Ub0cg5A-300x300.jpg\" alt=\"\" width=\"300\" height=\"300\" \/> <img decoding=\"async\" loading=\"lazy\" class=\"alignnone size-medium wp-image-5358\" src=\"http:\/\/ptthungary.hu\/wp-content\/uploads\/2023\/04\/ZzBYv-1iRdKJl0epl2l5Wg-300x300.jpg\" alt=\"\" width=\"300\" height=\"300\" \/> <img decoding=\"async\" loading=\"lazy\" class=\"alignnone size-medium wp-image-5357\" src=\"http:\/\/ptthungary.hu\/wp-content\/uploads\/2023\/04\/y0Jd-1nuT0eOIbe26x4twQ-300x300.jpg\" alt=\"\" width=\"300\" height=\"300\" \/> <img decoding=\"async\" loading=\"lazy\" class=\"alignnone size-medium wp-image-5356\" src=\"http:\/\/ptthungary.hu\/wp-content\/uploads\/2023\/04\/WM_Ln9PnRuK-YkSHvW0Yig-300x300.jpg\" alt=\"\" width=\"300\" height=\"300\" \/> <img decoding=\"async\" loading=\"lazy\" class=\"alignnone size-medium wp-image-5355\" src=\"http:\/\/ptthungary.hu\/wp-content\/uploads\/2023\/04\/paYj2SvdSGGsWKgtUTgwCQ-300x300.jpg\" alt=\"\" width=\"300\" height=\"300\" \/> <img decoding=\"async\" loading=\"lazy\" class=\"alignnone size-medium wp-image-5354\" src=\"http:\/\/ptthungary.hu\/wp-content\/uploads\/2023\/04\/oVVQj_jmTKaJCkki0psGmg-300x300.jpg\" alt=\"\" width=\"300\" height=\"300\" \/> <img decoding=\"async\" loading=\"lazy\" class=\"alignnone size-medium wp-image-5353\" src=\"http:\/\/ptthungary.hu\/wp-content\/uploads\/2023\/04\/OqVHCScWTv2KRn8itmCgBQ-300x300.jpg\" alt=\"\" width=\"300\" height=\"300\" \/> <img decoding=\"async\" loading=\"lazy\" class=\"alignnone size-medium wp-image-5352\" src=\"http:\/\/ptthungary.hu\/wp-content\/uploads\/2023\/04\/nXU10-MKTwalO0wJjs9TWQ-300x300.jpg\" alt=\"\" width=\"300\" height=\"300\" \/> <img decoding=\"async\" loading=\"lazy\" class=\"alignnone size-medium wp-image-5351\" src=\"http:\/\/ptthungary.hu\/wp-content\/uploads\/2023\/04\/KYRkZMY0SF6TDm7MUDnBrQ-300x300.jpg\" alt=\"\" width=\"300\" height=\"300\" \/> <img decoding=\"async\" loading=\"lazy\" class=\"alignnone size-medium wp-image-5350\" src=\"http:\/\/ptthungary.hu\/wp-content\/uploads\/2023\/04\/iu2_1By_RS-s6g2fnxM9uA-300x300.jpg\" alt=\"\" width=\"300\" height=\"300\" \/> <img decoding=\"async\" loading=\"lazy\" class=\"alignnone size-medium wp-image-5349\" src=\"http:\/\/ptthungary.hu\/wp-content\/uploads\/2023\/04\/IfO5Szw5T_iL-rjqjTjhUA-300x300.jpg\" alt=\"\" width=\"300\" height=\"300\" \/> <img decoding=\"async\" loading=\"lazy\" class=\"alignnone size-medium wp-image-5348\" src=\"http:\/\/ptthungary.hu\/wp-content\/uploads\/2023\/04\/HgWG4L7yRTGXJBaV8TO-yA-300x300.jpg\" alt=\"\" width=\"300\" height=\"300\" \/> <img decoding=\"async\" loading=\"lazy\" class=\"alignnone size-medium wp-image-5347\" src=\"http:\/\/ptthungary.hu\/wp-content\/uploads\/2023\/04\/gx4ZGja8QbyQKuNnjxTOOw-300x300.jpg\" alt=\"\" width=\"300\" height=\"300\" \/> <img decoding=\"async\" loading=\"lazy\" class=\"alignnone size-medium wp-image-5346\" src=\"http:\/\/ptthungary.hu\/wp-content\/uploads\/2023\/04\/fE-QqQ5GRX6lFVLkQyiqIw-300x300.jpg\" alt=\"\" width=\"300\" height=\"300\" \/> <img decoding=\"async\" loading=\"lazy\" class=\"alignnone size-medium wp-image-5345\" src=\"http:\/\/ptthungary.hu\/wp-content\/uploads\/2023\/04\/dI76gqVZSxeHrdKT-9RCCw-300x300.jpg\" alt=\"\" width=\"300\" height=\"300\" \/> <img decoding=\"async\" loading=\"lazy\" class=\"alignnone size-medium wp-image-5344\" src=\"http:\/\/ptthungary.hu\/wp-content\/uploads\/2023\/04\/CBI9s5PRSjS367sBYimfKQ-300x300.jpg\" alt=\"\" width=\"300\" height=\"300\" \/> <img decoding=\"async\" loading=\"lazy\" class=\"alignnone size-medium wp-image-5343\" src=\"http:\/\/ptthungary.hu\/wp-content\/uploads\/2023\/04\/BJklv44KSAunHnNmI0vA4Q-300x300.jpg\" alt=\"\" width=\"300\" height=\"300\" \/> <img decoding=\"async\" loading=\"lazy\" class=\"alignnone size-medium wp-image-5342\" src=\"http:\/\/ptthungary.hu\/wp-content\/uploads\/2023\/04\/aBmstKGfTZ-e0naU0RcQWw-300x300.jpg\" alt=\"\" width=\"300\" height=\"300\" \/><\/p>\n","protected":false},"excerpt":{"rendered":"<p><img decoding=\"async\" loading=\"lazy\" class=\"alignnone size-medium wp-image-5363\" src=\"http:\/\/ptthungary.hu\/wp-content\/uploads\/2023\/04\/73_ekhdJR5K7Dhi-O53Usw-300x300.jpg\" alt=\"\" width=\"300\" height=\"300\" \/> <img decoding=\"async\" loading=\"lazy\" class=\"alignnone size-medium wp-image-5362\" src=\"http:\/\/ptthungary.hu\/wp-content\/uploads\/2023\/04\/11tBqIUpSLaziNhOMhpT9g-300x300.jpg\" alt=\"\" width=\"300\" height=\"300\" \/> <img decoding=\"async\" loading=\"lazy\" class=\"alignnone size-medium wp-image-5361\" src=\"http:\/\/ptthungary.hu\/wp-content\/uploads\/2023\/04\/6jTOgAXSTKuHVjLKTRINig-300x300.jpg\" alt=\"\" width=\"300\" height=\"300\" \/> <img decoding=\"async\" loading=\"lazy\" class=\"alignnone size-medium wp-image-5360\" src=\"http:\/\/ptthungary.hu\/wp-content\/uploads\/2023\/04\/01OhNfevRiqgx9pHkMod2Q-300x300.jpg\" alt=\"\" width=\"300\" height=\"300\" \/> <img decoding=\"async\" loading=\"lazy\" class=\"alignnone size-medium wp-image-5359\" src=\"http:\/\/ptthungary.hu\/wp-content\/uploads\/2023\/04\/0xwOnFANRQWqrJ-Ub0cg5A-300x300.jpg\" alt=\"\" width=\"300\" height=\"300\" \/> <img decoding=\"async\" loading=\"lazy\" class=\"alignnone size-medium wp-image-5358\" src=\"http:\/\/ptthungary.hu\/wp-content\/uploads\/2023\/04\/ZzBYv-1iRdKJl0epl2l5Wg-300x300.jpg\" alt=\"\" width=\"300\" height=\"300\" \/> <img decoding=\"async\" loading=\"lazy\" class=\"alignnone size-medium wp-image-5357\" src=\"http:\/\/ptthungary.hu\/wp-content\/uploads\/2023\/04\/y0Jd-1nuT0eOIbe26x4twQ-300x300.jpg\" alt=\"\" width=\"300\" height=\"300\" \/> <img decoding=\"async\" loading=\"lazy\" class=\"alignnone size-medium wp-image-5356\" src=\"http:\/\/ptthungary.hu\/wp-content\/uploads\/2023\/04\/WM_Ln9PnRuK-YkSHvW0Yig-300x300.jpg\" alt=\"\" width=\"300\" height=\"300\" \/> <img decoding=\"async\" loading=\"lazy\" class=\"alignnone size-medium wp-image-5355\" src=\"http:\/\/ptthungary.hu\/wp-content\/uploads\/2023\/04\/paYj2SvdSGGsWKgtUTgwCQ-300x300.jpg\" alt=\"\" width=\"300\" height=\"300\" \/> <img decoding=\"async\" loading=\"lazy\" class=\"alignnone size-medium wp-image-5354\" src=\"http:\/\/ptthungary.hu\/wp-content\/uploads\/2023\/04\/oVVQj_jmTKaJCkki0psGmg-300x300.jpg\" alt=\"\" width=\"300\" height=\"300\" \/> <img decoding=\"async\" loading=\"lazy\" class=\"alignnone size-medium wp-image-5353\" src=\"http:\/\/ptthungary.hu\/wp-content\/uploads\/2023\/04\/OqVHCScWTv2KRn8itmCgBQ-300x300.jpg\" alt=\"\" width=\"300\" height=\"300\" \/> <img decoding=\"async\" loading=\"lazy\" class=\"alignnone size-medium wp-image-5352\" src=\"http:\/\/ptthungary.hu\/wp-content\/uploads\/2023\/04\/nXU10-MKTwalO0wJjs9TWQ-300x300.jpg\" alt=\"\" width=\"300\" height=\"300\" \/> <img decoding=\"async\" loading=\"lazy\" class=\"alignnone size-medium wp-image-5351\" src=\"http:\/\/ptthungary.hu\/wp-content\/uploads\/2023\/04\/KYRkZMY0SF6TDm7MUDnBrQ-300x300.jpg\" alt=\"\" width=\"300\" height=\"300\" \/> <img decoding=\"async\" loading=\"lazy\" class=\"alignnone size-medium wp-image-5350\" src=\"http:\/\/ptthungary.hu\/wp-content\/uploads\/2023\/04\/iu2_1By_RS-s6g2fnxM9uA-300x300.jpg\" alt=\"\" width=\"300\" height=\"300\" \/> <img decoding=\"async\" loading=\"lazy\" class=\"alignnone size-medium wp-image-5349\" src=\"http:\/\/ptthungary.hu\/wp-content\/uploads\/2023\/04\/IfO5Szw5T_iL-rjqjTjhUA-300x300.jpg\" alt=\"\" width=\"300\" height=\"300\" \/> <img decoding=\"async\" loading=\"lazy\" class=\"alignnone size-medium wp-image-5348\" src=\"http:\/\/ptthungary.hu\/wp-content\/uploads\/2023\/04\/HgWG4L7yRTGXJBaV8TO-yA-300x300.jpg\" alt=\"\" width=\"300\" height=\"300\" \/> <img decoding=\"async\" loading=\"lazy\" class=\"alignnone size-medium wp-image-5347\" src=\"http:\/\/ptthungary.hu\/wp-content\/uploads\/2023\/04\/gx4ZGja8QbyQKuNnjxTOOw-300x300.jpg\" alt=\"\" width=\"300\" height=\"300\" \/> <img decoding=\"async\" loading=\"lazy\" class=\"alignnone size-medium wp-image-5346\" src=\"http:\/\/ptthungary.hu\/wp-content\/uploads\/2023\/04\/fE-QqQ5GRX6lFVLkQyiqIw-300x300.jpg\" alt=\"\" width=\"300\" height=\"300\" \/> <img decoding=\"async\" loading=\"lazy\" class=\"alignnone size-medium wp-image-5345\" src=\"http:\/\/ptthungary.hu\/wp-content\/uploads\/2023\/04\/dI76gqVZSxeHrdKT-9RCCw-300x300.jpg\" alt=\"\" width=\"300\" height=\"300\" \/> <img decoding=\"async\" loading=\"lazy\" class=\"alignnone size-medium wp-image-5344\" src=\"http:\/\/ptthungary.hu\/wp-content\/uploads\/2023\/04\/CBI9s5PRSjS367sBYimfKQ-300x300.jpg\" alt=\"\" width=\"300\" height=\"300\" \/> <img decoding=\"async\" loading=\"lazy\" class=\"alignnone size-medium wp-image-5343\" src=\"http:\/\/ptthungary.hu\/wp-content\/uploads\/2023\/04\/BJklv44KSAunHnNmI0vA4Q-300x300.jpg\" alt=\"\" width=\"300\" height=\"300\" \/> <img decoding=\"async\" loading=\"lazy\" class=\"alignnone size-medium wp-image-5342\" src=\"http:\/\/ptthungary.hu\/wp-content\/uploads\/2023\/04\/aBmstKGfTZ-e0naU0RcQWw-300x300.jpg\" alt=\"\" width=\"300\" height=\"300\" \/><\/p>\n","protected":false},"featured_media":5363,"comment_status":"open","ping_status":"closed","template":"","meta":{"_et_pb_use_builder":"","_et_pb_old_content":"","_et_gb_content_width":""},"yoast_head":"<!-- This site is optimized with the Yoast SEO plugin v16.1.1 - https:\/\/yoast.com\/wordpress\/plugins\/seo\/ -->\n<title>Redell DS-708W - PTTHungary<\/title>\n<link rel=\"canonical\" href=\"http:\/\/ptthungary.hu\/index.php\/product\/redell-ds-708w\/\" \/>\n<meta property=\"og:locale\" content=\"hu_HU\" \/>\n<meta property=\"og:type\" content=\"article\" \/>\n<meta property=\"og:title\" content=\"Redell DS-708W - PTTHungary\" \/>\n<meta property=\"og:url\" content=\"http:\/\/ptthungary.hu\/index.php\/product\/redell-ds-708w\/\" \/>\n<meta property=\"og:site_name\" content=\"PTTHungary\" \/>\n<meta property=\"article:modified_time\" content=\"2025-01-13T20:59:02+00:00\" \/>\n<meta property=\"og:image\" content=\"http:\/\/ptthungary.hu\/wp-content\/uploads\/2023\/04\/73_ekhdJR5K7Dhi-O53Usw.jpg\" \/>\n\t<meta property=\"og:image:width\" content=\"800\" \/>\n\t<meta property=\"og:image:height\" content=\"800\" \/>\n<meta name=\"twitter:card\" content=\"summary_large_image\" \/>\n<meta name=\"twitter:label1\" content=\"Becs\u00fclt olvas\u00e1si id\u0151\">\n\t<meta name=\"twitter:data1\" content=\"5 perc\">\n<script type=\"application\/ld+json\" class=\"yoast-schema-graph\">{\"@context\":\"https:\/\/schema.org\",\"@graph\":[{\"@type\":\"WebSite\",\"@id\":\"http:\/\/ptthungary.hu\/#website\",\"url\":\"http:\/\/ptthungary.hu\/\",\"name\":\"PTTHungary\",\"description\":\"hamarosan el\\u00e9rhet\\u0151 lesz\",\"potentialAction\":[{\"@type\":\"SearchAction\",\"target\":\"http:\/\/ptthungary.hu\/?s={search_term_string}\",\"query-input\":\"required name=search_term_string\"}],\"inLanguage\":\"hu\"},{\"@type\":\"ImageObject\",\"@id\":\"http:\/\/ptthungary.hu\/index.php\/product\/redell-ds-708w\/#primaryimage\",\"inLanguage\":\"hu\",\"url\":\"http:\/\/ptthungary.hu\/wp-content\/uploads\/2023\/04\/73_ekhdJR5K7Dhi-O53Usw.jpg\",\"contentUrl\":\"http:\/\/ptthungary.hu\/wp-content\/uploads\/2023\/04\/73_ekhdJR5K7Dhi-O53Usw.jpg\",\"width\":800,\"height\":800},{\"@type\":\"WebPage\",\"@id\":\"http:\/\/ptthungary.hu\/index.php\/product\/redell-ds-708w\/#webpage\",\"url\":\"http:\/\/ptthungary.hu\/index.php\/product\/redell-ds-708w\/\",\"name\":\"Redell DS-708W - PTTHungary\",\"isPartOf\":{\"@id\":\"http:\/\/ptthungary.hu\/#website\"},\"primaryImageOfPage\":{\"@id\":\"http:\/\/ptthungary.hu\/index.php\/product\/redell-ds-708w\/#primaryimage\"},\"datePublished\":\"2023-04-07T12:48:39+00:00\",\"dateModified\":\"2025-01-13T20:59:02+00:00\",\"breadcrumb\":{\"@id\":\"http:\/\/ptthungary.hu\/index.php\/product\/redell-ds-708w\/#breadcrumb\"},\"inLanguage\":\"hu\",\"potentialAction\":[{\"@type\":\"ReadAction\",\"target\":[\"http:\/\/ptthungary.hu\/index.php\/product\/redell-ds-708w\/\"]}]},{\"@type\":\"BreadcrumbList\",\"@id\":\"http:\/\/ptthungary.hu\/index.php\/product\/redell-ds-708w\/#breadcrumb\",\"itemListElement\":[{\"@type\":\"ListItem\",\"position\":1,\"item\":{\"@type\":\"WebPage\",\"@id\":\"http:\/\/ptthungary.hu\/\",\"url\":\"http:\/\/ptthungary.hu\/\",\"name\":\"Home\"}},{\"@type\":\"ListItem\",\"position\":2,\"item\":{\"@type\":\"WebPage\",\"@id\":\"http:\/\/ptthungary.hu\/index.php\/shop\/\",\"url\":\"http:\/\/ptthungary.hu\/index.php\/shop\/\",\"name\":\"Term\\u00e9kek\"}},{\"@type\":\"ListItem\",\"position\":3,\"item\":{\"@type\":\"WebPage\",\"@id\":\"http:\/\/ptthungary.hu\/index.php\/product\/redell-ds-708w\/\",\"url\":\"http:\/\/ptthungary.hu\/index.php\/product\/redell-ds-708w\/\",\"name\":\"Redell DS-708W\"}}]}]}<\/script>\n<!-- \/ Yoast SEO plugin. -->","_links":{"self":[{"href":"http:\/\/ptthungary.hu\/index.php\/wp-json\/wp\/v2\/product\/5341"}],"collection":[{"href":"http:\/\/ptthungary.hu\/index.php\/wp-json\/wp\/v2\/product"}],"about":[{"href":"http:\/\/ptthungary.hu\/index.php\/wp-json\/wp\/v2\/types\/product"}],"replies":[{"embeddable":true,"href":"http:\/\/ptthungary.hu\/index.php\/wp-json\/wp\/v2\/comments?post=5341"}],"wp:featuredmedia":[{"embeddable":true,"href":"http:\/\/ptthungary.hu\/index.php\/wp-json\/wp\/v2\/media\/5363"}],"wp:attachment":[{"href":"http:\/\/ptthungary.hu\/index.php\/wp-json\/wp\/v2\/media?parent=5341"}],"curies":[{"name":"wp","href":"https:\/\/api.w.org\/{rel}","templated":true}]}}