{"id":518,"date":"2020-01-17T19:52:01","date_gmt":"2020-01-17T17:52:01","guid":{"rendered":"http:\/\/ptthungary.hu\/?post_type=product&#038;p=518"},"modified":"2025-09-18T09:54:06","modified_gmt":"2025-09-18T07:54:06","slug":"anysecu-m-9900","status":"publish","type":"product","link":"http:\/\/ptthungary.hu\/index.php\/product\/anysecu-m-9900\/","title":{"rendered":"Redell DS-560"},"content":{"rendered":"<p>[et_pb_section fb_built=&#8221;1&#8243; _builder_version=&#8221;3.22&#8243; custom_padding=&#8221;0px||||false|false&#8221;][et_pb_row _builder_version=&#8221;3.25&#8243; background_size=&#8221;initial&#8221; background_position=&#8221;top_left&#8221; background_repeat=&#8221;repeat&#8221; width=&#8221;100%&#8221; custom_padding=&#8221;0px||0px||false|false&#8221;][et_pb_column type=&#8221;4_4&#8243; _builder_version=&#8221;3.25&#8243; custom_padding=&#8221;|||&#8221; custom_padding__hover=&#8221;|||&#8221;][et_pb_wc_breadcrumb _builder_version=&#8221;3.0.47&#8243;][\/et_pb_wc_breadcrumb][et_pb_wc_cart_notice _builder_version=&#8221;3.0.47&#8243;][\/et_pb_wc_cart_notice][\/et_pb_column][\/et_pb_row][et_pb_row column_structure=&#8221;1_2,1_2&#8243; _builder_version=&#8221;3.25&#8243; background_size=&#8221;initial&#8221; background_position=&#8221;top_left&#8221; background_repeat=&#8221;repeat&#8221; width=&#8221;100%&#8221; custom_padding=&#8221;0px||||false|false&#8221;][et_pb_column type=&#8221;1_2&#8243; _builder_version=&#8221;3.25&#8243; custom_padding=&#8221;|||&#8221; custom_padding__hover=&#8221;|||&#8221;][et_pb_wc_images _builder_version=&#8221;3.0.47&#8243;][\/et_pb_wc_images][\/et_pb_column][et_pb_column type=&#8221;1_2&#8243; _builder_version=&#8221;3.25&#8243; custom_padding=&#8221;|||&#8221; custom_padding__hover=&#8221;|||&#8221;][et_pb_wc_title _builder_version=&#8221;3.0.47&#8243;][\/et_pb_wc_title][et_pb_wc_rating _builder_version=&#8221;3.0.47&#8243;][\/et_pb_wc_rating][et_pb_wc_price _builder_version=&#8221;3.0.47&#8243;][\/et_pb_wc_price][et_pb_wc_description _builder_version=&#8221;3.0.47&#8243;][\/et_pb_wc_description][et_pb_wc_meta _builder_version=&#8221;3.0.47&#8243;][\/et_pb_wc_meta][\/et_pb_column][\/et_pb_row][et_pb_row _builder_version=&#8221;3.25&#8243; background_size=&#8221;initial&#8221; background_position=&#8221;top_left&#8221; background_repeat=&#8221;repeat&#8221; width=&#8221;100%&#8221;][et_pb_column type=&#8221;4_4&#8243; _builder_version=&#8221;3.25&#8243; custom_padding=&#8221;|||&#8221; custom_padding__hover=&#8221;|||&#8221;][et_pb_wc_tabs _builder_version=&#8221;3.0.47&#8243;]\t\t\t\t\t[\/et_pb_wc_tabs][et_pb_wc_upsells _builder_version=&#8221;3.0.47&#8243;][\/et_pb_wc_upsells][et_pb_wc_related_products _builder_version=&#8221;3.0.47&#8243;][\/et_pb_wc_related_products][\/et_pb_column][\/et_pb_row][\/et_pb_section]<\/p>\n","protected":false},"excerpt":{"rendered":"<p>[et_pb_section fb_built=&#8221;1&#8243; _builder_version=&#8221;3.22&#8243; custom_padding=&#8221;0px||||false|false&#8221;][et_pb_row _builder_version=&#8221;3.25&#8243; background_size=&#8221;initial&#8221; background_position=&#8221;top_left&#8221; background_repeat=&#8221;repeat&#8221; width=&#8221;100%&#8221; custom_padding=&#8221;0px||0px||false|false&#8221;][et_pb_column type=&#8221;4_4&#8243; _builder_version=&#8221;3.25&#8243; custom_padding=&#8221;|||&#8221; custom_padding__hover=&#8221;|||&#8221;][et_pb_wc_breadcrumb _builder_version=&#8221;3.0.47&#8243;][\/et_pb_wc_breadcrumb][et_pb_wc_cart_notice _builder_version=&#8221;3.0.47&#8243;][\/et_pb_wc_cart_notice][\/et_pb_column][\/et_pb_row][et_pb_row column_structure=&#8221;1_2,1_2&#8243; _builder_version=&#8221;3.25&#8243; background_size=&#8221;initial&#8221; background_position=&#8221;top_left&#8221; background_repeat=&#8221;repeat&#8221; width=&#8221;100%&#8221; custom_padding=&#8221;0px||||false|false&#8221;][et_pb_column type=&#8221;1_2&#8243; _builder_version=&#8221;3.25&#8243; custom_padding=&#8221;|||&#8221; custom_padding__hover=&#8221;|||&#8221;][et_pb_wc_images _builder_version=&#8221;3.0.47&#8243;][\/et_pb_wc_images][\/et_pb_column][et_pb_column type=&#8221;1_2&#8243; _builder_version=&#8221;3.25&#8243; custom_padding=&#8221;|||&#8221; custom_padding__hover=&#8221;|||&#8221;][et_pb_wc_title _builder_version=&#8221;3.0.47&#8243;][\/et_pb_wc_title][et_pb_wc_rating _builder_version=&#8221;3.0.47&#8243;][\/et_pb_wc_rating][et_pb_wc_price _builder_version=&#8221;3.0.47&#8243;][\/et_pb_wc_price][et_pb_wc_description _builder_version=&#8221;3.0.47&#8243;][\/et_pb_wc_description][et_pb_wc_meta _builder_version=&#8221;3.0.47&#8243;][\/et_pb_wc_meta][\/et_pb_column][\/et_pb_row][et_pb_row _builder_version=&#8221;3.25&#8243; background_size=&#8221;initial&#8221; background_position=&#8221;top_left&#8221; background_repeat=&#8221;repeat&#8221; width=&#8221;100%&#8221;][et_pb_column type=&#8221;4_4&#8243; _builder_version=&#8221;3.25&#8243; custom_padding=&#8221;|||&#8221; custom_padding__hover=&#8221;|||&#8221;][et_pb_wc_tabs _builder_version=&#8221;3.0.47&#8243;] [\/et_pb_wc_tabs][et_pb_wc_upsells _builder_version=&#8221;3.0.47&#8243;][\/et_pb_wc_upsells][et_pb_wc_related_products _builder_version=&#8221;3.0.47&#8243;][\/et_pb_wc_related_products][\/et_pb_column][\/et_pb_row][\/et_pb_section]<\/p>\n","protected":false},"featured_media":399,"comment_status":"open","ping_status":"closed","template":"","meta":{"_et_pb_use_builder":"on","_et_pb_old_content":"<img class=\"alignnone size-medium wp-image-399\" src=\"http:\/\/ptthungary.hu\/wp-content\/uploads\/2020\/01\/4-300x300.jpg\" alt=\"\" width=\"300\" height=\"300\" \/>","_et_gb_content_width":""},"yoast_head":"<!-- This site is optimized with the Yoast SEO plugin v16.1.1 - https:\/\/yoast.com\/wordpress\/plugins\/seo\/ -->\n<title>Redell DS-560 - PTTHungary<\/title>\n<link rel=\"canonical\" href=\"http:\/\/ptthungary.hu\/index.php\/product\/anysecu-m-9900\/\" \/>\n<meta property=\"og:locale\" content=\"hu_HU\" \/>\n<meta property=\"og:type\" content=\"article\" \/>\n<meta property=\"og:title\" content=\"Redell DS-560 - PTTHungary\" \/>\n<meta property=\"og:description\" content=\"[et_pb_section fb_built=&#8221;1&#8243; _builder_version=&#8221;3.22&#8243; custom_padding=&#8221;0px||||false|false&#8221;][et_pb_row _builder_version=&#8221;3.25&#8243; background_size=&#8221;initial&#8221; background_position=&#8221;top_left&#8221; background_repeat=&#8221;repeat&#8221; width=&#8221;100%&#8221; custom_padding=&#8221;0px||0px||false|false&#8221;][et_pb_column type=&#8221;4_4&#8243; _builder_version=&#8221;3.25&#8243; custom_padding=&#8221;|||&#8221; custom_padding__hover=&#8221;|||&#8221;][et_pb_wc_breadcrumb _builder_version=&#8221;3.0.47&#8243;][\/et_pb_wc_breadcrumb][et_pb_wc_cart_notice _builder_version=&#8221;3.0.47&#8243;][\/et_pb_wc_cart_notice][\/et_pb_column][\/et_pb_row][et_pb_row column_structure=&#8221;1_2,1_2&#8243; _builder_version=&#8221;3.25&#8243; background_size=&#8221;initial&#8221; background_position=&#8221;top_left&#8221; background_repeat=&#8221;repeat&#8221; width=&#8221;100%&#8221; custom_padding=&#8221;0px||||false|false&#8221;][et_pb_column type=&#8221;1_2&#8243; _builder_version=&#8221;3.25&#8243; custom_padding=&#8221;|||&#8221; custom_padding__hover=&#8221;|||&#8221;][et_pb_wc_images _builder_version=&#8221;3.0.47&#8243;][\/et_pb_wc_images][\/et_pb_column][et_pb_column type=&#8221;1_2&#8243; _builder_version=&#8221;3.25&#8243; custom_padding=&#8221;|||&#8221; custom_padding__hover=&#8221;|||&#8221;][et_pb_wc_title _builder_version=&#8221;3.0.47&#8243;][\/et_pb_wc_title][et_pb_wc_rating _builder_version=&#8221;3.0.47&#8243;][\/et_pb_wc_rating][et_pb_wc_price _builder_version=&#8221;3.0.47&#8243;][\/et_pb_wc_price][et_pb_wc_description _builder_version=&#8221;3.0.47&#8243;][\/et_pb_wc_description][et_pb_wc_meta _builder_version=&#8221;3.0.47&#8243;][\/et_pb_wc_meta][\/et_pb_column][\/et_pb_row][et_pb_row _builder_version=&#8221;3.25&#8243; background_size=&#8221;initial&#8221; background_position=&#8221;top_left&#8221; background_repeat=&#8221;repeat&#8221; width=&#8221;100%&#8221;][et_pb_column type=&#8221;4_4&#8243; _builder_version=&#8221;3.25&#8243; custom_padding=&#8221;|||&#8221; custom_padding__hover=&#8221;|||&#8221;][et_pb_wc_tabs _builder_version=&#8221;3.0.47&#8243;] [\/et_pb_wc_tabs][et_pb_wc_upsells _builder_version=&#8221;3.0.47&#8243;][\/et_pb_wc_upsells][et_pb_wc_related_products _builder_version=&#8221;3.0.47&#8243;][\/et_pb_wc_related_products][\/et_pb_column][\/et_pb_row][\/et_pb_section]\" \/>\n<meta property=\"og:url\" content=\"http:\/\/ptthungary.hu\/index.php\/product\/anysecu-m-9900\/\" \/>\n<meta property=\"og:site_name\" content=\"PTTHungary\" \/>\n<meta property=\"article:modified_time\" content=\"2025-09-18T07:54:06+00:00\" \/>\n<meta property=\"og:image\" content=\"http:\/\/ptthungary.hu\/wp-content\/uploads\/2020\/01\/4.jpg\" \/>\n\t<meta property=\"og:image:width\" content=\"800\" \/>\n\t<meta property=\"og:image:height\" content=\"800\" \/>\n<meta name=\"twitter:card\" content=\"summary_large_image\" \/>\n<meta name=\"twitter:label1\" content=\"Becs\u00fclt olvas\u00e1si id\u0151\">\n\t<meta name=\"twitter:data1\" content=\"1 perc\">\n<script type=\"application\/ld+json\" class=\"yoast-schema-graph\">{\"@context\":\"https:\/\/schema.org\",\"@graph\":[{\"@type\":\"WebSite\",\"@id\":\"http:\/\/ptthungary.hu\/#website\",\"url\":\"http:\/\/ptthungary.hu\/\",\"name\":\"PTTHungary\",\"description\":\"hamarosan el\\u00e9rhet\\u0151 lesz\",\"potentialAction\":[{\"@type\":\"SearchAction\",\"target\":\"http:\/\/ptthungary.hu\/?s={search_term_string}\",\"query-input\":\"required name=search_term_string\"}],\"inLanguage\":\"hu\"},{\"@type\":\"ImageObject\",\"@id\":\"http:\/\/ptthungary.hu\/index.php\/product\/anysecu-m-9900\/#primaryimage\",\"inLanguage\":\"hu\",\"url\":\"http:\/\/ptthungary.hu\/wp-content\/uploads\/2020\/01\/4.jpg\",\"contentUrl\":\"http:\/\/ptthungary.hu\/wp-content\/uploads\/2020\/01\/4.jpg\",\"width\":800,\"height\":800},{\"@type\":\"WebPage\",\"@id\":\"http:\/\/ptthungary.hu\/index.php\/product\/anysecu-m-9900\/#webpage\",\"url\":\"http:\/\/ptthungary.hu\/index.php\/product\/anysecu-m-9900\/\",\"name\":\"Redell DS-560 - PTTHungary\",\"isPartOf\":{\"@id\":\"http:\/\/ptthungary.hu\/#website\"},\"primaryImageOfPage\":{\"@id\":\"http:\/\/ptthungary.hu\/index.php\/product\/anysecu-m-9900\/#primaryimage\"},\"datePublished\":\"2020-01-17T17:52:01+00:00\",\"dateModified\":\"2025-09-18T07:54:06+00:00\",\"breadcrumb\":{\"@id\":\"http:\/\/ptthungary.hu\/index.php\/product\/anysecu-m-9900\/#breadcrumb\"},\"inLanguage\":\"hu\",\"potentialAction\":[{\"@type\":\"ReadAction\",\"target\":[\"http:\/\/ptthungary.hu\/index.php\/product\/anysecu-m-9900\/\"]}]},{\"@type\":\"BreadcrumbList\",\"@id\":\"http:\/\/ptthungary.hu\/index.php\/product\/anysecu-m-9900\/#breadcrumb\",\"itemListElement\":[{\"@type\":\"ListItem\",\"position\":1,\"item\":{\"@type\":\"WebPage\",\"@id\":\"http:\/\/ptthungary.hu\/\",\"url\":\"http:\/\/ptthungary.hu\/\",\"name\":\"Home\"}},{\"@type\":\"ListItem\",\"position\":2,\"item\":{\"@type\":\"WebPage\",\"@id\":\"http:\/\/ptthungary.hu\/index.php\/shop\/\",\"url\":\"http:\/\/ptthungary.hu\/index.php\/shop\/\",\"name\":\"Term\\u00e9kek\"}},{\"@type\":\"ListItem\",\"position\":3,\"item\":{\"@type\":\"WebPage\",\"@id\":\"http:\/\/ptthungary.hu\/index.php\/product\/anysecu-m-9900\/\",\"url\":\"http:\/\/ptthungary.hu\/index.php\/product\/anysecu-m-9900\/\",\"name\":\"Redell DS-560\"}}]}]}<\/script>\n<!-- \/ Yoast SEO plugin. -->","_links":{"self":[{"href":"http:\/\/ptthungary.hu\/index.php\/wp-json\/wp\/v2\/product\/518"}],"collection":[{"href":"http:\/\/ptthungary.hu\/index.php\/wp-json\/wp\/v2\/product"}],"about":[{"href":"http:\/\/ptthungary.hu\/index.php\/wp-json\/wp\/v2\/types\/product"}],"replies":[{"embeddable":true,"href":"http:\/\/ptthungary.hu\/index.php\/wp-json\/wp\/v2\/comments?post=518"}],"wp:featuredmedia":[{"embeddable":true,"href":"http:\/\/ptthungary.hu\/index.php\/wp-json\/wp\/v2\/media\/399"}],"wp:attachment":[{"href":"http:\/\/ptthungary.hu\/index.php\/wp-json\/wp\/v2\/media?parent=518"}],"curies":[{"name":"wp","href":"https:\/\/api.w.org\/{rel}","templated":true}]}}