{"id":454,"date":"2020-01-20T19:51:43","date_gmt":"2020-01-20T17:51:43","guid":{"rendered":"http:\/\/ptthungary.hu\/?page_id=454"},"modified":"2025-01-13T23:29:34","modified_gmt":"2025-01-13T21:29:34","slug":"rendszerhasznalati-dijak","status":"publish","type":"page","link":"http:\/\/ptthungary.hu\/index.php\/rendszerhasznalati-dijak\/","title":{"rendered":"Rendszerhaszn\u00e1lati d\u00edjak"},"content":{"rendered":"<p>[et_pb_section fb_built=&#8221;1&#8243; _builder_version=&#8221;3.29.2&#8243;][et_pb_row _builder_version=&#8221;3.29.2&#8243;][et_pb_column type=&#8221;4_4&#8243; _builder_version=&#8221;3.29.2&#8243;][et_pb_text _builder_version=&#8221;3.29.2&#8243; custom_margin=&#8221;|||0px||&#8221;]<\/p>\n<p><strong>5l\u0151fizet\u00e9sek<\/strong>:<\/p>\n<p><strong>PTT szolg\u00e1ltat\u00e1s GPS nyomk\u00f6vet\u00e9ssel:<\/strong><\/p>\n<p><strong><br \/>1 H\u00f3nap\u00a0 \u00a0 \u00a0 \u00a0 \u00a0 \u00a0 3.000 HUF<\/strong><\/p>\n<p><strong>1 Negyed\u00e9v\u00a0 \u00a0 \u00a0 7.500 HUF<\/strong><\/p>\n<p><strong>1 F\u00e9l\u00e9v\u00a0 \u00a0 \u00a0 \u00a0 \u00a0 \u00a0 \u00a0 9.000 HUF<\/strong><\/p>\n<p><strong>1 \u00c9v\u00a0 \u00a0 \u00a0 \u00a0 \u00a0 \u00a0 \u00a0 \u00a0 \u00a0 17.000 HUF<\/strong><\/p>\n<p><strong>2 \u00c9v\u00a0 \u00a0 \u00a0 \u00a0 \u00a0 \u00a0 \u00a0 \u00a0 \u00a0 32.000 HUF<\/strong><\/p>\n<p><strong>3 \u00c9V\u00a0 \u00a0 \u00a0 \u00a0 \u00a0 \u00a0 \u00a0 \u00a0 \u00a0 48.000 HUF<\/strong><\/p>\n<p><strong>4 \u00c9V\u00a0 \u00a0 \u00a0 \u00a0 \u00a0 \u00a0 \u00a0 \u00a0 \u00a0 63.000 HUF<\/strong><\/p>\n<p><strong>5 \u00c9v\u00a0 \u00a0 \u00a0 \u00a0 \u00a0 \u00a0 \u00a0 \u00a0 \u00a0 75.000 HUF<\/strong><\/p>\n<p><strong>Egy\u00e9b d\u00edjak:<\/strong><\/p>\n<p><b>Rendszerhez csatlakoz\u00e1s n\u00e1lunk v\u00e1s\u00e1rolt eszk\u00f6zzel: d\u00edjmentes<\/b><\/p>\n<p><b>Rendszerhez csatlakoz\u00e1s m\u00e1s forr\u00e1sb\u00f3l v\u00e1s\u00e1rolt eszk\u00f6zzel: 10.000 HUF + \u00c1fa<\/b><\/p>\n<p><b>R\u00e1di\u00f3k programoz\u00e1sa n\u00e1lunk v\u00e1s\u00e1rolt eszk\u00f6z eset\u00e9ben: d\u00edjmentes<\/b><\/p>\n<p><b>R\u00e1di\u00f3k programoz\u00e1sa m\u00e1s forr\u00e1sb\u00f3l v\u00e1s\u00e1rolt eszk\u00f6z eset\u00e9ben: 10.000 HUF + \u00c1fa ( Redell\/Tesunho\/Anysecu )<\/b><\/p>\n<p><b>Windows diszp\u00e9cser szoftver: d\u00edjmentes<\/b><\/p>\n<p><b>Hozz\u00e1f\u00e9r\u00e9s oper\u00e1tori fel\u00fclethez: d\u00edjmentes<\/b><\/p>\n<p>\u00c1raink forintban \u00e9rtend\u0151k \u00e9s az \u00e1f\u00e1t nem tartalmazz\u00e1k!<\/p>\n<p>A forint &#8211; doll\u00e1r \u00e1rfolyam v\u00e1ltoz\u00e1sa miatti \u00e1rv\u00e1ltoz\u00e1s miatt k\u00e9rj\u00fck, telefonon \u00e9rdekl\u0151dj\u00f6n!<\/p>\n<p>[\/et_pb_text][\/et_pb_column][\/et_pb_row][\/et_pb_section]<\/p>\n","protected":false},"excerpt":{"rendered":"<p>[et_pb_section fb_built=&#8221;1&#8243; _builder_version=&#8221;3.29.2&#8243;][et_pb_row _builder_version=&#8221;3.29.2&#8243;][et_pb_column type=&#8221;4_4&#8243; _builder_version=&#8221;3.29.2&#8243;][et_pb_text _builder_version=&#8221;3.29.2&#8243; custom_margin=&#8221;|||0px||&#8221;] 5l\u0151fizet\u00e9sek: PTT szolg\u00e1ltat\u00e1s GPS nyomk\u00f6vet\u00e9ssel: 1 H\u00f3nap\u00a0 \u00a0 \u00a0 \u00a0 \u00a0 \u00a0 3.000 HUF 1 Negyed\u00e9v\u00a0 \u00a0 \u00a0 7.500 HUF 1 F\u00e9l\u00e9v\u00a0 \u00a0 \u00a0 \u00a0 \u00a0 \u00a0 \u00a0 9.000 HUF 1 \u00c9v\u00a0 \u00a0 \u00a0 \u00a0 \u00a0 \u00a0 \u00a0 \u00a0 \u00a0 17.000 HUF 2 \u00c9v\u00a0 \u00a0 \u00a0 \u00a0 [&hellip;]<\/p>\n","protected":false},"author":2,"featured_media":0,"parent":0,"menu_order":0,"comment_status":"closed","ping_status":"closed","template":"","meta":{"_et_pb_use_builder":"on","_et_pb_old_content":"","_et_gb_content_width":""},"yoast_head":"<!-- This site is optimized with the Yoast SEO plugin v16.1.1 - https:\/\/yoast.com\/wordpress\/plugins\/seo\/ -->\n<title>Rendszerhaszn\u00e1lati d\u00edjak - PTTHungary<\/title>\n<link rel=\"canonical\" href=\"http:\/\/ptthungary.hu\/index.php\/rendszerhasznalati-dijak\/\" \/>\n<meta property=\"og:locale\" content=\"hu_HU\" \/>\n<meta property=\"og:type\" content=\"article\" \/>\n<meta property=\"og:title\" content=\"Rendszerhaszn\u00e1lati d\u00edjak - PTTHungary\" \/>\n<meta property=\"og:description\" content=\"[et_pb_section fb_built=&#8221;1&#8243; _builder_version=&#8221;3.29.2&#8243;][et_pb_row _builder_version=&#8221;3.29.2&#8243;][et_pb_column type=&#8221;4_4&#8243; _builder_version=&#8221;3.29.2&#8243;][et_pb_text _builder_version=&#8221;3.29.2&#8243; custom_margin=&#8221;|||0px||&#8221;] 5l\u0151fizet\u00e9sek: PTT szolg\u00e1ltat\u00e1s GPS nyomk\u00f6vet\u00e9ssel: 1 H\u00f3nap\u00a0 \u00a0 \u00a0 \u00a0 \u00a0 \u00a0 3.000 HUF 1 Negyed\u00e9v\u00a0 \u00a0 \u00a0 7.500 HUF 1 F\u00e9l\u00e9v\u00a0 \u00a0 \u00a0 \u00a0 \u00a0 \u00a0 \u00a0 9.000 HUF 1 \u00c9v\u00a0 \u00a0 \u00a0 \u00a0 \u00a0 \u00a0 \u00a0 \u00a0 \u00a0 17.000 HUF 2 \u00c9v\u00a0 \u00a0 \u00a0 \u00a0 [&hellip;]\" \/>\n<meta property=\"og:url\" content=\"http:\/\/ptthungary.hu\/index.php\/rendszerhasznalati-dijak\/\" \/>\n<meta property=\"og:site_name\" content=\"PTTHungary\" \/>\n<meta property=\"article:modified_time\" content=\"2025-01-13T21:29:34+00:00\" \/>\n<meta name=\"twitter:card\" content=\"summary_large_image\" \/>\n<meta name=\"twitter:label1\" content=\"Becs\u00fclt olvas\u00e1si id\u0151\">\n\t<meta name=\"twitter:data1\" content=\"1 perc\">\n<script type=\"application\/ld+json\" class=\"yoast-schema-graph\">{\"@context\":\"https:\/\/schema.org\",\"@graph\":[{\"@type\":\"WebSite\",\"@id\":\"http:\/\/ptthungary.hu\/#website\",\"url\":\"http:\/\/ptthungary.hu\/\",\"name\":\"PTTHungary\",\"description\":\"hamarosan el\\u00e9rhet\\u0151 lesz\",\"potentialAction\":[{\"@type\":\"SearchAction\",\"target\":\"http:\/\/ptthungary.hu\/?s={search_term_string}\",\"query-input\":\"required name=search_term_string\"}],\"inLanguage\":\"hu\"},{\"@type\":\"WebPage\",\"@id\":\"http:\/\/ptthungary.hu\/index.php\/rendszerhasznalati-dijak\/#webpage\",\"url\":\"http:\/\/ptthungary.hu\/index.php\/rendszerhasznalati-dijak\/\",\"name\":\"Rendszerhaszn\\u00e1lati d\\u00edjak - PTTHungary\",\"isPartOf\":{\"@id\":\"http:\/\/ptthungary.hu\/#website\"},\"datePublished\":\"2020-01-20T17:51:43+00:00\",\"dateModified\":\"2025-01-13T21:29:34+00:00\",\"breadcrumb\":{\"@id\":\"http:\/\/ptthungary.hu\/index.php\/rendszerhasznalati-dijak\/#breadcrumb\"},\"inLanguage\":\"hu\",\"potentialAction\":[{\"@type\":\"ReadAction\",\"target\":[\"http:\/\/ptthungary.hu\/index.php\/rendszerhasznalati-dijak\/\"]}]},{\"@type\":\"BreadcrumbList\",\"@id\":\"http:\/\/ptthungary.hu\/index.php\/rendszerhasznalati-dijak\/#breadcrumb\",\"itemListElement\":[{\"@type\":\"ListItem\",\"position\":1,\"item\":{\"@type\":\"WebPage\",\"@id\":\"http:\/\/ptthungary.hu\/\",\"url\":\"http:\/\/ptthungary.hu\/\",\"name\":\"Home\"}},{\"@type\":\"ListItem\",\"position\":2,\"item\":{\"@type\":\"WebPage\",\"@id\":\"http:\/\/ptthungary.hu\/index.php\/rendszerhasznalati-dijak\/\",\"url\":\"http:\/\/ptthungary.hu\/index.php\/rendszerhasznalati-dijak\/\",\"name\":\"Rendszerhaszn\\u00e1lati d\\u00edjak\"}}]}]}<\/script>\n<!-- \/ Yoast SEO plugin. -->","_links":{"self":[{"href":"http:\/\/ptthungary.hu\/index.php\/wp-json\/wp\/v2\/pages\/454"}],"collection":[{"href":"http:\/\/ptthungary.hu\/index.php\/wp-json\/wp\/v2\/pages"}],"about":[{"href":"http:\/\/ptthungary.hu\/index.php\/wp-json\/wp\/v2\/types\/page"}],"author":[{"embeddable":true,"href":"http:\/\/ptthungary.hu\/index.php\/wp-json\/wp\/v2\/users\/2"}],"replies":[{"embeddable":true,"href":"http:\/\/ptthungary.hu\/index.php\/wp-json\/wp\/v2\/comments?post=454"}],"version-history":[{"count":21,"href":"http:\/\/ptthungary.hu\/index.php\/wp-json\/wp\/v2\/pages\/454\/revisions"}],"predecessor-version":[{"id":5376,"href":"http:\/\/ptthungary.hu\/index.php\/wp-json\/wp\/v2\/pages\/454\/revisions\/5376"}],"wp:attachment":[{"href":"http:\/\/ptthungary.hu\/index.php\/wp-json\/wp\/v2\/media?parent=454"}],"curies":[{"name":"wp","href":"https:\/\/api.w.org\/{rel}","templated":true}]}}